{"id":193,"date":"2025-03-16T13:02:24","date_gmt":"2025-03-16T13:02:24","guid":{"rendered":"https:\/?post_type=product&#038;p=193"},"modified":"2026-02-21T10:55:07","modified_gmt":"2026-02-21T07:55:07","slug":"pagrindinis-remejas","status":"publish","type":"product","link":"https:\/\/baggerracing.eu\/lt\/produktas\/pagrindinis-remejas\/","title":{"rendered":"Pagrindinis r\u0117m\u0117jas \u2013 SOLIDI suma"},"content":{"rendered":"<h3 data-start=\"0\" data-end=\"36\"><strong data-start=\"4\" data-end=\"34\">\ud83c\udfc6 1\ufe0f\u20e3 PAGRINDINIS R\u0116M\u0116JAS<\/strong><\/h3>\n<p data-start=\"38\" data-end=\"254\">B\u016bti <strong data-start=\"43\" data-end=\"83\">pagrindiniu LORD&#8217;S Racing Team r\u0117m\u0117ju<\/strong> \u2013 tai daugiau nei parama komandai. Tai <strong data-start=\"123\" data-end=\"167\">investicija \u012f Lietuvos motosporto ateit\u012f<\/strong>, kartu u\u017etikrinant j\u016bs\u0173 <strong data-start=\"192\" data-end=\"218\">prek\u0117s \u017eenklo matomum\u0105<\/strong> ir ilgalaik\u012f bendradarbiavim\u0105 su <strong data-start=\"252\" data-end=\"315\">pirm\u0105ja ir ambicinga Lietuvos Bagger GP Racing komanda<\/strong>.<\/p>\n<p data-start=\"38\" data-end=\"254\"><strong data-start=\"256\" data-end=\"296\">K\u0105 gaunate kaip pagrindinis r\u0117m\u0117jas?<\/strong><\/p>\n<p data-start=\"300\" data-end=\"481\">\u2714\ufe0f <strong data-start=\"303\" data-end=\"333\">Pilna logotipo integracija<\/strong> \u2013 j\u016bs\u0173 \u012fmon\u0117s logotipas matysis <strong data-start=\"366\" data-end=\"438\">ant komandos motocikl\u0173, lenktynin\u0117s aprangos ir reklamin\u0117s med\u017eiagos<\/strong>.<\/p>\n<p data-start=\"483\" data-end=\"683\">\u2714\ufe0f <strong data-start=\"486\" data-end=\"555\">Pamin\u0117jimai prane\u0161imuose spaudai ir socialini\u0173 tinkl\u0173 kampanijose<\/strong> \u2013 j\u016bs\u0173 vardas bus aktyviai \u012ftrauktas \u012f m\u016bs\u0173 komunikacij\u0105 lenktyni\u0173 sezono metu, pasiekiant t\u016bkstan\u010dius motosporto entuziast\u0173.<\/p>\n<p data-start=\"685\" data-end=\"882\">\u2714\ufe0f <strong data-start=\"688\" data-end=\"754\">Galimyb\u0117 naudoti r\u0117mimo fakt\u0105 savo \u012fmon\u0117s reklamin\u0117je veikloje<\/strong> \u2013 didinkite savo prek\u0117s \u017eenklo patikimum\u0105 bei presti\u017e\u0105, komunikuodami apie savo dalyvavim\u0105 lenktynin\u0117je motosporto komandoje.<\/p>\n<p data-start=\"884\" data-end=\"1075\">\u2714\ufe0f <strong data-start=\"887\" data-end=\"926\">Prieiga prie lenktyni\u0173 ir u\u017ekulisi\u0173<\/strong> \u2013 kvie\u010diame jus, viename i\u0161 etap\u0173, <strong data-start=\"945\" data-end=\"957\">VIP zonoje<\/strong> steb\u0117ti m\u016bs\u0173 pasirodymus i\u0161 arti, dalyvauti lenktyni\u0173 savaitgalio u\u017ekulisiuose bei asmeni\u0161kai susitikti su komanda.<\/p>\n<p data-start=\"1077\" data-end=\"1257\">\u2714\ufe0f <strong data-start=\"1080\" data-end=\"1116\">Ilgalaik\u0117s partneryst\u0117s galimyb\u0117<\/strong> \u2013 tapkite m\u016bs\u0173 <strong data-start=\"1132\" data-end=\"1157\">strateginiu partneriu<\/strong>, kurio vardas bus siejamas su auk\u0161\u010diausio lygio motosporto var\u017eybomis ir inovacijomis lenktyn\u0117se.<\/p>\n","protected":false},"excerpt":{"rendered":"<p>\ud83c\udfc5 Jei ie\u0161kote b\u016bdo <strong data-start=\"3541\" data-end=\"3594\">\u012fra\u0161yti savo vard\u0105 \u012f Lietuvos motosporto istorij\u0105<\/strong>, \u0161is r\u0117mimo b\u016bdas skirtas jums.<\/p>\n<p>\ud83d\udce9 <strong data-start=\"3988\" data-end=\"4017\">Kontaktai: <a rel=\"noopener\" data-start=\"4001\" data-end=\"4015\">info@lordai.lt<\/a><\/strong> (d\u0117l r\u0117mimo galimybi\u0173)<\/p>\n","protected":false},"featured_media":332,"comment_status":"open","ping_status":"closed","template":"","meta":[],"product_brand":[],"product_cat":[41,20],"product_tag":[],"class_list":{"0":"post-193","1":"product","2":"type-product","3":"status-publish","4":"has-post-thumbnail","6":"product_cat-parama","7":"product_cat-vip","9":"first","10":"instock","11":"virtual","12":"sold-individually","13":"product-type-simple"},"_links":{"self":[{"href":"https:\/\/baggerracing.eu\/lt\/wp-json\/wp\/v2\/product\/193","targetHints":{"allow":["GET"]}}],"collection":[{"href":"https:\/\/baggerracing.eu\/lt\/wp-json\/wp\/v2\/product"}],"about":[{"href":"https:\/\/baggerracing.eu\/lt\/wp-json\/wp\/v2\/types\/product"}],"replies":[{"embeddable":true,"href":"https:\/\/baggerracing.eu\/lt\/wp-json\/wp\/v2\/comments?post=193"}],"wp:featuredmedia":[{"embeddable":true,"href":"https:\/\/baggerracing.eu\/lt\/wp-json\/wp\/v2\/media\/332"}],"wp:attachment":[{"href":"https:\/\/baggerracing.eu\/lt\/wp-json\/wp\/v2\/media?parent=193"}],"wp:term":[{"taxonomy":"product_brand","embeddable":true,"href":"https:\/\/baggerracing.eu\/lt\/wp-json\/wp\/v2\/product_brand?post=193"},{"taxonomy":"product_cat","embeddable":true,"href":"https:\/\/baggerracing.eu\/lt\/wp-json\/wp\/v2\/product_cat?post=193"},{"taxonomy":"product_tag","embeddable":true,"href":"https:\/\/baggerracing.eu\/lt\/wp-json\/wp\/v2\/product_tag?post=193"}],"curies":[{"name":"wp","href":"https:\/\/api.w.org\/{rel}","templated":true}]}}