{"id":183,"date":"2025-03-16T11:39:52","date_gmt":"2025-03-16T11:39:52","guid":{"rendered":"https:\/?post_type=product&#038;p=183"},"modified":"2026-02-21T10:54:44","modified_gmt":"2026-02-21T07:54:44","slug":"auskinis-remejas","status":"publish","type":"product","link":"https:\/\/baggerracing.eu\/lt\/produktas\/auskinis-remejas\/","title":{"rendered":"Auksinis r\u0117m\u0117jas"},"content":{"rendered":"<ul>\n<li data-start=\"2855\" data-end=\"2960\">\n<h3 data-start=\"0\" data-end=\"29\"><strong data-start=\"4\" data-end=\"27\">AUKSINIS R\u0116M\u0116JAS<\/strong><\/h3>\n<p data-start=\"31\" data-end=\"239\"><strong data-start=\"31\" data-end=\"76\">Tapkite LORD&#8217;S Racing Team \u0161eimos dalimi!<\/strong> B\u016bti auksiniu r\u0117m\u0117ju \u2013 tai ne tik matomumas, bet ir <strong data-start=\"129\" data-end=\"177\">tiesioginis \u012fsitraukimas \u012f komandos gyvenim\u0105<\/strong>. J\u016bs ne tik remiate, <strong data-start=\"199\" data-end=\"237\">j\u016bs tampate m\u016bs\u0173 istorijos dalimi!<\/strong><\/p>\n<\/li>\n<\/ul>\n","protected":false},"excerpt":{"rendered":"<p><strong data-start=\"2793\" data-end=\"2852\">Tai daugiau nei parama \u2013 tai realus ind\u0117lis \u012f komandos dalyvavim\u0105 BAGGER RACING LEAGUE EU CUP<\/strong><\/p>\n<p>\ud83d\udccc \u00a0prieiga prie viso turinio<\/p>\n","protected":false},"featured_media":332,"comment_status":"open","ping_status":"closed","template":"","meta":[],"product_brand":[],"product_cat":[41,20],"product_tag":[],"class_list":{"0":"post-183","1":"product","2":"type-product","3":"status-publish","4":"has-post-thumbnail","6":"product_cat-parama","7":"product_cat-vip","9":"first","10":"instock","11":"sold-individually","12":"shipping-taxable","13":"purchasable","14":"product-type-simple"},"_links":{"self":[{"href":"https:\/\/baggerracing.eu\/lt\/wp-json\/wp\/v2\/product\/183","targetHints":{"allow":["GET"]}}],"collection":[{"href":"https:\/\/baggerracing.eu\/lt\/wp-json\/wp\/v2\/product"}],"about":[{"href":"https:\/\/baggerracing.eu\/lt\/wp-json\/wp\/v2\/types\/product"}],"replies":[{"embeddable":true,"href":"https:\/\/baggerracing.eu\/lt\/wp-json\/wp\/v2\/comments?post=183"}],"wp:featuredmedia":[{"embeddable":true,"href":"https:\/\/baggerracing.eu\/lt\/wp-json\/wp\/v2\/media\/332"}],"wp:attachment":[{"href":"https:\/\/baggerracing.eu\/lt\/wp-json\/wp\/v2\/media?parent=183"}],"wp:term":[{"taxonomy":"product_brand","embeddable":true,"href":"https:\/\/baggerracing.eu\/lt\/wp-json\/wp\/v2\/product_brand?post=183"},{"taxonomy":"product_cat","embeddable":true,"href":"https:\/\/baggerracing.eu\/lt\/wp-json\/wp\/v2\/product_cat?post=183"},{"taxonomy":"product_tag","embeddable":true,"href":"https:\/\/baggerracing.eu\/lt\/wp-json\/wp\/v2\/product_tag?post=183"}],"curies":[{"name":"wp","href":"https:\/\/api.w.org\/{rel}","templated":true}]}}