{"id":181,"date":"2025-03-16T11:35:20","date_gmt":"2025-03-16T11:35:20","guid":{"rendered":"https:\/?post_type=product&#038;p=181"},"modified":"2026-02-21T10:36:57","modified_gmt":"2026-02-21T07:36:57","slug":"is-sirdies","status":"publish","type":"product","link":"https:\/\/baggerracing.eu\/lt\/produktas\/is-sirdies\/","title":{"rendered":"I\u0161 \u0161idries"},"content":{"rendered":"<p><strong>Tai parama ne d\u0117l matomumo, o d\u0117l tik\u0117jimo tuo, k\u0105 darome.<\/strong><\/p>\n","protected":false},"excerpt":{"rendered":"<p><strong>Jei nori b\u016bti tarp t\u0173, kurie realiai stumia komand\u0105 \u012f priek\u012f \u2013 tai tavo lygis.<\/strong> \ud83d\udc9b\ud83d\udda4<\/p>\n<p>\ud83d\udccc \u00a0prieiga prie viso turinio<\/p>\n","protected":false},"featured_media":332,"comment_status":"open","ping_status":"closed","template":"","meta":[],"product_brand":[],"product_cat":[41,20],"product_tag":[],"class_list":{"0":"post-181","1":"product","2":"type-product","3":"status-publish","4":"has-post-thumbnail","6":"product_cat-parama","7":"product_cat-vip","9":"first","10":"instock","11":"virtual","12":"sold-individually","13":"purchasable","14":"product-type-simple"},"_links":{"self":[{"href":"https:\/\/baggerracing.eu\/lt\/wp-json\/wp\/v2\/product\/181","targetHints":{"allow":["GET"]}}],"collection":[{"href":"https:\/\/baggerracing.eu\/lt\/wp-json\/wp\/v2\/product"}],"about":[{"href":"https:\/\/baggerracing.eu\/lt\/wp-json\/wp\/v2\/types\/product"}],"replies":[{"embeddable":true,"href":"https:\/\/baggerracing.eu\/lt\/wp-json\/wp\/v2\/comments?post=181"}],"wp:featuredmedia":[{"embeddable":true,"href":"https:\/\/baggerracing.eu\/lt\/wp-json\/wp\/v2\/media\/332"}],"wp:attachment":[{"href":"https:\/\/baggerracing.eu\/lt\/wp-json\/wp\/v2\/media?parent=181"}],"wp:term":[{"taxonomy":"product_brand","embeddable":true,"href":"https:\/\/baggerracing.eu\/lt\/wp-json\/wp\/v2\/product_brand?post=181"},{"taxonomy":"product_cat","embeddable":true,"href":"https:\/\/baggerracing.eu\/lt\/wp-json\/wp\/v2\/product_cat?post=181"},{"taxonomy":"product_tag","embeddable":true,"href":"https:\/\/baggerracing.eu\/lt\/wp-json\/wp\/v2\/product_tag?post=181"}],"curies":[{"name":"wp","href":"https:\/\/api.w.org\/{rel}","templated":true}]}}