{"id":180,"date":"2025-03-16T11:22:53","date_gmt":"2025-03-16T08:22:53","guid":{"rendered":"https:\/?post_type=product&#038;p=180"},"modified":"2026-02-21T10:41:22","modified_gmt":"2026-02-21T07:41:22","slug":"performance-support","status":"publish","type":"product","link":"https:\/\/baggerracing.eu\/lt\/produktas\/performance-support\/","title":{"rendered":"Performance support"},"content":{"rendered":"<p>\u0160i suma padeda investuoti \u012f lenktyni\u0173 technologijas, variklio tobulinim\u0105 ir testavimus, kurie gali nuvesti iki pergal\u0117s.<\/p>\n","protected":false},"excerpt":{"rendered":"<p>\ud83d\udd27 <strong data-start=\"1098\" data-end=\"1154\">J\u016bs\u0173 parama \u2013 m\u016bs\u0173 HD LORD&#8217;S performance Bagger BEE patikimumas!<\/strong><\/p>\n","protected":false},"featured_media":331,"comment_status":"open","ping_status":"closed","template":"","meta":[],"product_brand":[],"product_cat":[41],"product_tag":[],"class_list":{"0":"post-180","1":"product","2":"type-product","3":"status-publish","4":"has-post-thumbnail","6":"product_cat-parama","8":"first","9":"instock","10":"sold-individually","11":"shipping-taxable","12":"purchasable","13":"product-type-simple"},"_links":{"self":[{"href":"https:\/\/baggerracing.eu\/lt\/wp-json\/wp\/v2\/product\/180","targetHints":{"allow":["GET"]}}],"collection":[{"href":"https:\/\/baggerracing.eu\/lt\/wp-json\/wp\/v2\/product"}],"about":[{"href":"https:\/\/baggerracing.eu\/lt\/wp-json\/wp\/v2\/types\/product"}],"replies":[{"embeddable":true,"href":"https:\/\/baggerracing.eu\/lt\/wp-json\/wp\/v2\/comments?post=180"}],"wp:featuredmedia":[{"embeddable":true,"href":"https:\/\/baggerracing.eu\/lt\/wp-json\/wp\/v2\/media\/331"}],"wp:attachment":[{"href":"https:\/\/baggerracing.eu\/lt\/wp-json\/wp\/v2\/media?parent=180"}],"wp:term":[{"taxonomy":"product_brand","embeddable":true,"href":"https:\/\/baggerracing.eu\/lt\/wp-json\/wp\/v2\/product_brand?post=180"},{"taxonomy":"product_cat","embeddable":true,"href":"https:\/\/baggerracing.eu\/lt\/wp-json\/wp\/v2\/product_cat?post=180"},{"taxonomy":"product_tag","embeddable":true,"href":"https:\/\/baggerracing.eu\/lt\/wp-json\/wp\/v2\/product_tag?post=180"}],"curies":[{"name":"wp","href":"https:\/\/api.w.org\/{rel}","templated":true}]}}