{"id":160,"date":"2025-03-16T10:14:52","date_gmt":"2025-03-16T10:14:52","guid":{"rendered":"https:\/?post_type=product&#038;p=160"},"modified":"2026-02-20T14:35:56","modified_gmt":"2026-02-20T11:35:56","slug":"uz-lietuva","status":"publish","type":"product","link":"https:\/\/baggerracing.eu\/lt\/produktas\/uz-lietuva\/","title":{"rendered":"U\u017e Lietuv\u0105!"},"content":{"rendered":"<p>Kai remiate mus, j\u016bs remiate <strong data-start=\"2109\" data-end=\"2138\">LIETUVOS motocikl\u0173 sport\u0105<\/strong>. Kiekvienas euras yra ne tik \u012frankis tobul\u0117jimui, bet ir parei\u0161kimas, kad mes, lietuviai, turime viet\u0105 tarp geriausi\u0173.<\/p>\n","protected":false},"excerpt":{"rendered":"<p>\ud83c\uddf1\ud83c\uddf9 <strong data-start=\"1249\" data-end=\"1313\">Nes lenktyn\u0117se mes atstovaujame ne tik save, bet ir Lietuv\u0105!\u00a0<\/strong><\/p>\n<p>\ud83d\udccc prieiga prie viso turinio<\/p>\n","protected":false},"featured_media":331,"comment_status":"open","ping_status":"closed","template":"","meta":[],"product_brand":[],"product_cat":[41],"product_tag":[],"class_list":{"0":"post-160","1":"product","2":"type-product","3":"status-publish","4":"has-post-thumbnail","6":"product_cat-parama","8":"first","9":"instock","10":"virtual","11":"sold-individually","12":"purchasable","13":"product-type-simple"},"_links":{"self":[{"href":"https:\/\/baggerracing.eu\/lt\/wp-json\/wp\/v2\/product\/160","targetHints":{"allow":["GET"]}}],"collection":[{"href":"https:\/\/baggerracing.eu\/lt\/wp-json\/wp\/v2\/product"}],"about":[{"href":"https:\/\/baggerracing.eu\/lt\/wp-json\/wp\/v2\/types\/product"}],"replies":[{"embeddable":true,"href":"https:\/\/baggerracing.eu\/lt\/wp-json\/wp\/v2\/comments?post=160"}],"wp:featuredmedia":[{"embeddable":true,"href":"https:\/\/baggerracing.eu\/lt\/wp-json\/wp\/v2\/media\/331"}],"wp:attachment":[{"href":"https:\/\/baggerracing.eu\/lt\/wp-json\/wp\/v2\/media?parent=160"}],"wp:term":[{"taxonomy":"product_brand","embeddable":true,"href":"https:\/\/baggerracing.eu\/lt\/wp-json\/wp\/v2\/product_brand?post=160"},{"taxonomy":"product_cat","embeddable":true,"href":"https:\/\/baggerracing.eu\/lt\/wp-json\/wp\/v2\/product_cat?post=160"},{"taxonomy":"product_tag","embeddable":true,"href":"https:\/\/baggerracing.eu\/lt\/wp-json\/wp\/v2\/product_tag?post=160"}],"curies":[{"name":"wp","href":"https:\/\/api.w.org\/{rel}","templated":true}]}}