{"id":158,"date":"2025-03-16T10:06:30","date_gmt":"2025-03-16T10:06:30","guid":{"rendered":"https:\/?post_type=product&#038;p=158"},"modified":"2026-02-21T10:19:10","modified_gmt":"2026-02-21T07:19:10","slug":"starto-linija","status":"publish","type":"product","link":"https:\/\/baggerracing.eu\/lt\/produktas\/starto-linija\/","title":{"rendered":"Starto linija"},"content":{"rendered":"<p>\ud83c\udfc1<strong> Tavo parama \u2013 tai m\u016bs\u0173 galimyb\u0117 pasiruo\u0161ti lenktyn\u0117ms. Nedidelis tavo \u017eingsnis \u2013 mums startas, kuris gali pakeisti visk\u0105.\u00a0<\/strong><\/p>\n","protected":false},"excerpt":{"rendered":"<p>\ud83c\udfc1 <strong data-start=\"937\" data-end=\"978\">Parama u\u017e gryn\u0105 lenktyni\u0173 adrenalin\u0105!<\/strong><\/p>\n","protected":false},"featured_media":331,"comment_status":"open","ping_status":"closed","template":"","meta":[],"product_brand":[],"product_cat":[41],"product_tag":[],"class_list":{"0":"post-158","1":"product","2":"type-product","3":"status-publish","4":"has-post-thumbnail","6":"product_cat-parama","8":"first","9":"instock","10":"virtual","11":"sold-individually","12":"purchasable","13":"product-type-simple"},"_links":{"self":[{"href":"https:\/\/baggerracing.eu\/lt\/wp-json\/wp\/v2\/product\/158","targetHints":{"allow":["GET"]}}],"collection":[{"href":"https:\/\/baggerracing.eu\/lt\/wp-json\/wp\/v2\/product"}],"about":[{"href":"https:\/\/baggerracing.eu\/lt\/wp-json\/wp\/v2\/types\/product"}],"replies":[{"embeddable":true,"href":"https:\/\/baggerracing.eu\/lt\/wp-json\/wp\/v2\/comments?post=158"}],"wp:featuredmedia":[{"embeddable":true,"href":"https:\/\/baggerracing.eu\/lt\/wp-json\/wp\/v2\/media\/331"}],"wp:attachment":[{"href":"https:\/\/baggerracing.eu\/lt\/wp-json\/wp\/v2\/media?parent=158"}],"wp:term":[{"taxonomy":"product_brand","embeddable":true,"href":"https:\/\/baggerracing.eu\/lt\/wp-json\/wp\/v2\/product_brand?post=158"},{"taxonomy":"product_cat","embeddable":true,"href":"https:\/\/baggerracing.eu\/lt\/wp-json\/wp\/v2\/product_cat?post=158"},{"taxonomy":"product_tag","embeddable":true,"href":"https:\/\/baggerracing.eu\/lt\/wp-json\/wp\/v2\/product_tag?post=158"}],"curies":[{"name":"wp","href":"https:\/\/api.w.org\/{rel}","templated":true}]}}