{"id":1097,"date":"2025-05-09T16:39:52","date_gmt":"2025-05-09T13:39:52","guid":{"rendered":"https:\/\/baggerracing.eu\/?page_id=1097"},"modified":"2026-02-20T13:36:08","modified_gmt":"2026-02-20T10:36:08","slug":"bendra-informacija","status":"publish","type":"page","link":"https:\/\/baggerracing.eu\/lt\/bendra-informacija\/","title":{"rendered":"R\u0116M\u0116J\u0172 ZONA"},"content":{"rendered":"<form action=\"https:\/\/www.paypal.com\/donate\" method=\"post\" target=\"_top\">\n<input type=\"hidden\" name=\"hosted_button_id\" value=\"2M5UCS8GG82VW\" \/>\n<input type=\"image\" src=\"https:\/\/www.paypalobjects.com\/en_US\/i\/btn\/btn_donate_LG.gif\" border=\"0\" name=\"submit\" title=\"PayPal - The safer, easier way to pay online!\" alt=\"Donate with PayPal button\" \/>\n<img decoding=\"async\" alt=\"\" border=\"0\" src=\"https:\/\/www.paypal.com\/en_LT\/i\/scr\/pixel.gif\" width=\"1\" height=\"1\" \/>\n<\/form>\n\t\t<p>Akimirksniu param\u0105 komandai skirti galite pasinaudodami ir <strong>PAYPAL<\/strong> \u00a0platforma<\/p><h4>\ud83c\udfc1\u00a0LORD&#8217;S RACING TEAM R\u0116M\u0116J\u0172 ZONA \u2013 TAI DAUGIAU NEI PAPRASTAS R\u0116MIMAS.<\/h4>\n<p><!-- \/wp:post-content --><!-- wp:paragraph --><\/p>\n<p data-start=\"405\" data-end=\"693\"><strong>R\u0116M\u0116J\u0172 ZONA<\/strong> \u2013 tai erdv\u0117 \u017emon\u0117ms, kurie nenori likti tik \u017ei\u016brovais. Tapdami r\u0117m\u0117ju, j\u016bs ne tik padedate mums nuva\u017eiuoti \u012f kit\u0105 etap\u0105 \u2013 j\u016bs \u012fsitraukiate \u012f komand\u0105 i\u0161 vidaus: matote pasiruo\u0161im\u0105 lenktyn\u0117ms, sprendimus gara\u017ee, m\u016bs\u0173 sunkumus ir pergales, ir tampate realia \u0161ios kelion\u0117s dalimi.<\/p>\n<p data-start=\"695\" data-end=\"876\">Did\u017eioji dalis naujien\u0173 baggerracing.eu puslapyje yra atviros visiems.<br data-start=\"765\" data-end=\"768\" \/>Ta\u010diau <strong data-start=\"775\" data-end=\"790\">R\u0116M\u0116J\u0172 ZONA<\/strong> skirta tiems, kurie nusprend\u017eia \u017eengti \u017eingsn\u012f giliau ir mus palaikyti realia parama.<\/p>\n<p><!-- \/wp:paragraph --><!-- wp:heading {\"level\":4} --><\/p>\n<h4>KOD\u0116L MES KURIAME \u0160I\u0104 ERDV\u0118?<\/h4>\n<p><!-- \/wp:heading --><!-- wp:paragraph --><\/p>\n<p data-start=\"917\" data-end=\"1161\">\u0160iandien lenktyn\u0117s \u2013 tai ne tik greitis trasoje. Tai \u017emon\u0117s, kurie stovi u\u017e motociklo, komandos ir visos id\u0117jos. M\u016bs\u0173 tikslas \u2013 ne tik kovoti Bagger Racing League Europe \u010dempionatuose, bet ir sukurti stipri\u0105, gyv\u0105 Lietuvos bagger bendruomen\u0119.<\/p>\n<p data-start=\"1163\" data-end=\"1268\"><strong>R\u0116M\u0116J\u0172 ZONA<\/strong> n\u0117ra dar vienas vie\u0161\u0173 naujien\u0173 puslapis. \u010cia mes dalinam\u0117s tuo, kas paprastai lieka u\u017e kadro:<\/p>\n<ul data-start=\"1270\" data-end=\"1502\">\n<li data-start=\"1270\" data-end=\"1305\">\n<p data-start=\"1272\" data-end=\"1305\">vidiniais komandos u\u017ekulisiais,<\/p>\n<\/li>\n<li data-start=\"1306\" data-end=\"1340\">\n<p data-start=\"1308\" data-end=\"1340\">tik r\u0117m\u0117jams skirtais \u012fra\u0161ais,<\/p>\n<\/li>\n<li data-start=\"1341\" data-end=\"1399\">\n<p data-start=\"1343\" data-end=\"1399\">atviresne informacija apie planus, biud\u017eet\u0105, technik\u0105,<\/p>\n<\/li>\n<li data-start=\"1400\" data-end=\"1443\">\n<p data-start=\"1402\" data-end=\"1443\">specialiais pasi\u016blymais ir nuolaidomis,<\/p>\n<\/li>\n<li data-start=\"1444\" data-end=\"1502\">\n<p data-start=\"1446\" data-end=\"1502\">artimesniu ry\u0161iu su m\u016bs\u0173 kelione per BRL Europe sezonus.<\/p>\n<\/li>\n<\/ul>\n<p><!-- \/wp:paragraph --><!-- wp:heading {\"level\":4} --><\/p>\n<h4>KAS GALI TAPTI \u0160IOS ZONOS DALIMI?<\/h4>\n<p><!-- \/wp:heading --><!-- wp:paragraph --><\/p>\n<p data-start=\"1548\" data-end=\"1798\">\u0160i erdv\u0117 skirta <strong data-start=\"1564\" data-end=\"1609\">visiems, kurie realiai remia m\u016bs\u0173 komand\u0105<\/strong> \u2013 nesvarbu, ar tai vienkartin\u0117 parama, ar reguliarus palaikymas. \u010cia kvie\u010diame tuos, kurie nori ne tik \u201epafollowinti\u201c socialiniuose tinkluose, bet ir b\u016bti \u0161itos istorijos dalimi i\u0161 ar\u010diau.<\/p>\n<p data-start=\"1800\" data-end=\"2039\">Jei jau tapote r\u0117m\u0117ju \u2013 sveiki, \u0161i erdv\u0117 priklauso jums.<br data-start=\"1856\" data-end=\"1859\" \/>Jei dar neprisijung\u0117te \u2013 kiekvienas palaikymo gestas yra svarbus. Tai ne tik parama m\u016bs\u0173 komandai, bet ir investicija \u012f Lietuvos lenktynin\u012f sport\u0105 ir nauj\u0105 bagger kult\u016br\u0105 Europoje.<\/p>\n<blockquote data-start=\"2041\" data-end=\"2142\">\n<p data-start=\"2043\" data-end=\"2142\">Prisijunk prie jud\u0117jimo.<br data-start=\"2067\" data-end=\"2070\" \/>Bagger racing scenoje mes kuriame ne tik greit\u012f \u2013 mes kuriame kult\u016br\u0105.<\/p>\n<\/blockquote>\n<p><!-- \/wp:paragraph --><!-- wp:separator --><\/p>\n<hr \/>\n<p><!-- \/wp:separator --><!-- wp:heading {\"level\":4} --><\/p>\n<h4>\u26a1\ufe0f<strong>R\u0116M\u0116J\u0172 ZONA<\/strong>\u26a1\ufe0f<\/h4>\n<p><!-- \/wp:heading --><!-- wp:paragraph --><\/p>\n<p><br \/>\ud83d\udcb3\u00a0<strong>Kaip tapti r\u0117m\u0117ju?<\/strong><br \/>Pasirink <strong><a href=\"https:\/parduotuve\/\" data-type=\"page\" data-id=\"85\">PARAMOS<\/a> <\/strong>lyg\u012f ir prisijunk prie\u00a0<strong>LORD&#8217;S Racing Team<\/strong>\u00a0legendos k\u016brimo!<\/p>\n<p><!-- \/wp:paragraph --><!-- wp:separator --><\/p>\n<hr \/>\n<p><!-- \/wp:separator --><!-- wp:heading {\"level\":4} --><\/p>\n<p data-start=\"2254\" data-end=\"2277\"><strong data-start=\"2254\" data-end=\"2277\">Tap\u0119s r\u0117m\u0117ju gausi:<\/strong><\/p>\n<ul data-start=\"2279\" data-end=\"2570\">\n<li data-start=\"2279\" data-end=\"2354\">\n<p data-start=\"2281\" data-end=\"2354\">pri\u0117jim\u0105 prie i\u0161skirtinio, vie\u0161ai nepublikuojamo turinio R\u0116M\u0116J\u0172 ZONOJE,<\/p>\n<\/li>\n<li data-start=\"2355\" data-end=\"2416\">\n<p data-start=\"2357\" data-end=\"2416\">daugiau u\u017ekulisi\u0173 nei mato paprastas puslapio lankytojas,<\/p>\n<\/li>\n<li data-start=\"2417\" data-end=\"2488\">\n<p data-start=\"2419\" data-end=\"2488\">specialius atnaujinimus apie komand\u0105, projektus ir ateities planus,<\/p>\n<\/li>\n<li data-start=\"2489\" data-end=\"2570\">\n<p data-start=\"2491\" data-end=\"2570\">ai\u0161k\u0173 supratim\u0105, kaip tavo parama virsta realiais \u017eingsniais trasoje ir gara\u017ee.<\/p>\n<\/li>\n<\/ul>\n<p data-start=\"2572\" data-end=\"2619\">Toliau <strong>\u201eTapk r\u0117m\u0117ju\u201c<\/strong> puslapyje gal\u0117si pateikti:<\/p>\n<ul data-start=\"2621\" data-end=\"2830\">\n<li data-start=\"2621\" data-end=\"2696\">\n<p data-start=\"2623\" data-end=\"2696\">konkre\u010dius paramos b\u016bdus (bankinis pavedimas, Paysera, PayPal ir t.t.),<\/p>\n<\/li>\n<li data-start=\"2697\" data-end=\"2712\">\n<p data-start=\"2699\" data-end=\"2712\">rekvizitus,<\/p>\n<\/li>\n<li data-start=\"2713\" data-end=\"2830\">\n<p data-start=\"2715\" data-end=\"2830\">galb\u016bt kelis \u201eorientacinius\u201c paramos paketus (be VIP\/R\u0117m\u0117jas hierarchijos, tiesiog sum\u0173 lygiai su apytiksle gr\u0105\u017ea).<\/p>\n<\/li>\n<\/ul>\n<h3 data-start=\"2837\" data-end=\"2876\">J\u016bs\u0173 palaikymas \u2013 m\u016bs\u0173 galimyb\u0117s<\/h3>\n<p data-start=\"2878\" data-end=\"2933\">Kiekviena parama mums rei\u0161kia labai konkre\u010dius dalykus:<\/p>\n<ul data-start=\"2935\" data-end=\"3096\">\n<li data-start=\"2935\" data-end=\"2964\">\n<p data-start=\"2937\" data-end=\"2964\">daugiau treniruo\u010di\u0173 rat\u0173,<\/p>\n<\/li>\n<li data-start=\"2965\" data-end=\"2987\">\n<p data-start=\"2967\" data-end=\"2987\">geresnes padangas,<\/p>\n<\/li>\n<li data-start=\"2988\" data-end=\"3023\">\n<p data-start=\"2990\" data-end=\"3023\">saugesn\u0119 ir greitesn\u0119 technik\u0105,<\/p>\n<\/li>\n<li data-start=\"3024\" data-end=\"3096\">\n<p data-start=\"3026\" data-end=\"3096\">reali\u0105 galimyb\u0119 ne tik atva\u017eiuoti \u012f etap\u0105, bet ir kovoti d\u0117l pozicij\u0173.<\/p>\n<\/li>\n<\/ul>\n<p data-start=\"3098\" data-end=\"3225\">J\u016bs padedate mums jud\u0117ti pirmyn. Mes \u012fsipareigojame rodyti, kaip ta parama virsta rezultatais \u2013 tiek trasoje, tiek u\u017e jos rib\u0173.<\/p>\t\t\t\t\t\t\t\t\t\t\t\t\t<img fetchpriority=\"high\" decoding=\"async\" width=\"980\" height=\"654\" src=\"https:\/\/baggerracing.eu\/wp-content\/uploads\/2025\/11\/IMG_6671-1024x683.jpg\" alt=\"harley-performance-bagger-carbon-fiber-parts-by-lords-performance\" srcset=\"https:\/\/baggerracing.eu\/wp-content\/uploads\/2025\/11\/IMG_6671-1024x683.jpg 1024w, https:\/\/baggerracing.eu\/wp-content\/uploads\/2025\/11\/IMG_6671-300x200.jpg 300w, https:\/\/baggerracing.eu\/wp-content\/uploads\/2025\/11\/IMG_6671-768x512.jpg 768w, https:\/\/baggerracing.eu\/wp-content\/uploads\/2025\/11\/IMG_6671-18x12.jpg 18w, https:\/\/baggerracing.eu\/wp-content\/uploads\/2025\/11\/IMG_6671-416x277.jpg 416w, https:\/\/baggerracing.eu\/wp-content\/uploads\/2025\/11\/IMG_6671.jpg 1200w\" sizes=\"(max-width: 980px) 100vw, 980px\" \/>","protected":false},"excerpt":{"rendered":"<p>Akimirksniu param\u0105 komandai skirti galite pasinaudodami ir PAYPAL \u00a0platforma \ud83c\udfc1\u00a0LORD&#8217;S RACING TEAM R\u0116M\u0116J\u0172 ZONA \u2013 TAI DAUGIAU NEI PAPRASTAS R\u0116MIMAS. R\u0116M\u0116J\u0172 ZONA \u2013 tai erdv\u0117 \u017emon\u0117ms, kurie nenori likti tik \u017ei\u016brovais. Tapdami r\u0117m\u0117ju, j\u016bs ne tik padedate mums nuva\u017eiuoti \u012f kit\u0105 etap\u0105 \u2013 j\u016bs \u012fsitraukiate \u012f komand\u0105 i\u0161 vidaus: matote pasiruo\u0161im\u0105 lenktyn\u0117ms, sprendimus gara\u017ee, m\u016bs\u0173 [&hellip;]<\/p>\n","protected":false},"author":1,"featured_media":0,"parent":0,"menu_order":0,"comment_status":"closed","ping_status":"closed","template":"","meta":{"footnotes":""},"class_list":["post-1097","page","type-page","status-publish","hentry"],"_links":{"self":[{"href":"https:\/\/baggerracing.eu\/lt\/wp-json\/wp\/v2\/pages\/1097","targetHints":{"allow":["GET"]}}],"collection":[{"href":"https:\/\/baggerracing.eu\/lt\/wp-json\/wp\/v2\/pages"}],"about":[{"href":"https:\/\/baggerracing.eu\/lt\/wp-json\/wp\/v2\/types\/page"}],"author":[{"embeddable":true,"href":"https:\/\/baggerracing.eu\/lt\/wp-json\/wp\/v2\/users\/1"}],"replies":[{"embeddable":true,"href":"https:\/\/baggerracing.eu\/lt\/wp-json\/wp\/v2\/comments?post=1097"}],"version-history":[{"count":27,"href":"https:\/\/baggerracing.eu\/lt\/wp-json\/wp\/v2\/pages\/1097\/revisions"}],"predecessor-version":[{"id":2007,"href":"https:\/\/baggerracing.eu\/lt\/wp-json\/wp\/v2\/pages\/1097\/revisions\/2007"}],"wp:attachment":[{"href":"https:\/\/baggerracing.eu\/lt\/wp-json\/wp\/v2\/media?parent=1097"}],"curies":[{"name":"wp","href":"https:\/\/api.w.org\/{rel}","templated":true}]}}