{"id":695,"date":"2025-03-16T10:20:23","date_gmt":"2025-03-16T07:20:23","guid":{"rendered":"https:\/\/baggerracing.eu\/?post_type=product&#038;p=695"},"modified":"2026-02-20T14:26:05","modified_gmt":"2026-02-20T11:26:05","slug":"harley-1","status":"publish","type":"product","link":"https:\/\/baggerracing.eu\/en\/product\/harley-1\/","title":{"rendered":"Statau &#8222;Ant Harley&#8221;"},"content":{"rendered":"<p>\ud83c\udfcd\ufe0f Harley-Davidson \u2013 tai ne tik motociklas, tai gyvenimo b\u016bdas. Tavo parama padeda i\u0161laikyti t\u0105 dvasi\u0105 ir lenktyni\u0173 trasoje!<\/p>","protected":false},"excerpt":{"rendered":"<p>\ud83c\uddf1\ud83c\uddf9 <strong data-start=\"1249\" data-end=\"1313\">U\u017e pirm\u0105 Lietuvos Harley!\u00a0<\/strong><\/p>\n<p>\ud83d\udccc \u00a0prieiga prie viso turinio<\/p>","protected":false},"featured_media":331,"comment_status":"open","ping_status":"closed","template":"","meta":[],"product_brand":[],"product_cat":[41],"product_tag":[],"class_list":{"0":"post-695","1":"product","2":"type-product","3":"status-publish","4":"has-post-thumbnail","6":"product_cat-parama","8":"first","9":"instock","10":"virtual","11":"sold-individually","12":"purchasable","13":"product-type-simple"},"_links":{"self":[{"href":"https:\/\/baggerracing.eu\/en\/wp-json\/wp\/v2\/product\/695","targetHints":{"allow":["GET"]}}],"collection":[{"href":"https:\/\/baggerracing.eu\/en\/wp-json\/wp\/v2\/product"}],"about":[{"href":"https:\/\/baggerracing.eu\/en\/wp-json\/wp\/v2\/types\/product"}],"replies":[{"embeddable":true,"href":"https:\/\/baggerracing.eu\/en\/wp-json\/wp\/v2\/comments?post=695"}],"wp:featuredmedia":[{"embeddable":true,"href":"https:\/\/baggerracing.eu\/en\/wp-json\/wp\/v2\/media\/331"}],"wp:attachment":[{"href":"https:\/\/baggerracing.eu\/en\/wp-json\/wp\/v2\/media?parent=695"}],"wp:term":[{"taxonomy":"product_brand","embeddable":true,"href":"https:\/\/baggerracing.eu\/en\/wp-json\/wp\/v2\/product_brand?post=695"},{"taxonomy":"product_cat","embeddable":true,"href":"https:\/\/baggerracing.eu\/en\/wp-json\/wp\/v2\/product_cat?post=695"},{"taxonomy":"product_tag","embeddable":true,"href":"https:\/\/baggerracing.eu\/en\/wp-json\/wp\/v2\/product_tag?post=695"}],"curies":[{"name":"wp","href":"https:\/\/api.w.org\/{rel}","templated":true}]}}