{"id":231,"date":"2025-03-16T20:21:05","date_gmt":"2025-03-16T20:21:05","guid":{"rendered":"https:\/?post_type=product&#038;p=231"},"modified":"2026-02-20T14:21:49","modified_gmt":"2026-02-20T11:21:49","slug":"skirkite-dali-sumoketo-pajamu-mokescio-lords-racing-team","status":"publish","type":"product","link":"https:\/\/baggerracing.eu\/en\/product\/skirkite-dali-sumoketo-pajamu-mokescio-lords-racing-team\/","title":{"rendered":"Skirkite dal\u012f sumok\u0117to pajam\u0173 mokes\u010dio LORD&#8217;S RACING TEAM!"},"content":{"rendered":"<h3 data-start=\"314\" data-end=\"343\"><strong data-start=\"318\" data-end=\"341\">Kaip tai veikia?<\/strong><\/h3>\n<p data-start=\"344\" data-end=\"680\">\u2705 <strong data-start=\"346\" data-end=\"415\">Maksimali skiriama dalis \u2013 1,2% nuo j\u016bs\u0173 sumok\u0117to pajam\u0173 mokes\u010dio<\/strong>.<br data-start=\"416\" data-end=\"419\" \/>\u2705 Jei turite kit\u0173 remiam\u0173 organizacij\u0173, galite paskirstyti param\u0105 kelioms vietoms (pvz., 0,6% mums, 0,6% kitai organizacijai).<br data-start=\"545\" data-end=\"548\" \/>\u2705 <strong data-start=\"550\" data-end=\"579\">Jums tai nieko nekainuoja<\/strong>, ta\u010diau m\u016bs\u0173 komandai \u2013 tai galimyb\u0117 investuoti \u012f technik\u0105, treniruotes ir pasiruo\u0161im\u0105 lenktyn\u0117ms.<\/p>\n<hr data-start=\"682\" data-end=\"685\" \/>\n<h3 data-start=\"687\" data-end=\"722\"><strong data-start=\"691\" data-end=\"720\">\ud83d\udcc4 Kaip pateikti pra\u0161ym\u0105?<\/strong><\/h3>\n<p data-start=\"723\" data-end=\"857\">Dalis j\u016bs\u0173 sumok\u0117to GPM gali b\u016bti skirta m\u016bs\u0173 komandai <strong data-start=\"778\" data-end=\"803\">tik elektroniniu b\u016bdu<\/strong> per <a href=\"https:\/\/deklaravimas.vmi.lt\/lt\/Pradinis_Prisijungimo_puslapis\/Prisijungimasperisorinessistemas.aspx\"><strong data-start=\"808\" data-end=\"854\">VMI Elektroninio deklaravimo sistem\u0105 (EDS)<\/strong><\/a>.<\/p>\n<p data-start=\"859\" data-end=\"1024\">\ud83d\udd39 <strong data-start=\"862\" data-end=\"905\">Pra\u0161ymui reikia u\u017epildyti form\u0105 FR0512.<\/strong><br data-start=\"905\" data-end=\"908\" \/>\ud83d\udd39 <strong data-start=\"911\" data-end=\"954\">Paramos gav\u0117jo identifikacijos numeris:<\/strong> <strong>307118463<\/strong><br data-start=\"973\" data-end=\"976\" \/>\ud83d\udd39 <strong data-start=\"979\" data-end=\"996\">Organizacija:<\/strong> <strong data-start=\"997\" data-end=\"1022\">V\u0160\u012e LORDS RACING TEAM<\/strong><\/p>\n<p data-start=\"1026\" data-end=\"1254\">\ud83d\udee0 <strong data-start=\"1029\" data-end=\"1080\">Instrukcija, kaip pateikti pra\u0161ym\u0105 per VMI EDS:<\/strong><br data-start=\"1080\" data-end=\"1083\" \/>1\ufe0f\u20e3 Prisijunkite prie <a href=\"https:\/\/deklaravimas.vmi.lt\/lt\/Pradinis_Prisijungimo_puslapis\/Prisijungimasperisorinessistemas.aspx\"><strong data-start=\"1105\" data-end=\"1178\">VMI Elektroninio deklaravimo sistemos<\/strong><\/a><br data-start=\"1178\" data-end=\"1181\" \/>2\ufe0f\u20e3 Pasirinkite form\u0105 <strong data-start=\"1203\" data-end=\"1217\">FR0512 v.5<\/strong><br data-start=\"1217\" data-end=\"1220\" \/>3\ufe0f\u20e3 U\u017epildykite gav\u0117jo duomenis:<\/p>\n<ul data-start=\"1258\" data-end=\"1462\">\n<li data-start=\"1258\" data-end=\"1304\"><strong data-start=\"1260\" data-end=\"1280\">Paramos gav\u0117jas:<\/strong> V\u0160\u012e LORDS RACING TEAM<\/li>\n<li data-start=\"1308\" data-end=\"1355\"><strong data-start=\"1310\" data-end=\"1338\">Identifikacijos numeris:<\/strong> 307118463<\/li>\n<li style=\"text-align: left;\" data-start=\"1359\" data-end=\"1462\"><strong data-start=\"1361\" data-end=\"1375\">Procentas:<\/strong> <strong data-start=\"1376\" data-end=\"1388\">iki 1,2%<\/strong><br data-start=\"1388\" data-end=\"1391\" \/>4\ufe0f\u20e3 Pateikite form\u0105 ir prisid\u0117kite prie Lietuvos motosporto ateities!<\/li>\n<\/ul>\n<hr data-start=\"1464\" data-end=\"1467\" \/>\n<h3 data-start=\"1469\" data-end=\"1508\"><strong data-start=\"1473\" data-end=\"1506\">Kvie\u010diame prisid\u0117ti visus!<\/strong><\/h3>\n<p data-start=\"1509\" data-end=\"1684\">Paraginkite <strong data-start=\"1521\" data-end=\"1563\">savo draugus, \u0161eimos narius ir kolegas<\/strong>, kurie palaiko baikeri\u0173 jud\u0117jim\u0105 ir motosport\u0105, skirti dal\u012f GPM m\u016bs\u0173 komandai. <strong data-start=\"1622\" data-end=\"1682\">Kiekvienas procentas svarbus \u2013 kartu galime dar daugiau!<\/strong><\/p>\n<p data-start=\"1686\" data-end=\"1743\">\ud83d\udce9 <strong data-start=\"1689\" data-end=\"1726\">Jei turite klausim\u0173 \u2013 kreipkit\u0117s:<\/strong> <a rel=\"noopener\" data-start=\"1727\" data-end=\"1741\">info@lordai.lt<\/a><\/p>\n<p data-start=\"1745\" data-end=\"1786\" data-is-last-node=\"\" data-is-only-node=\"\">\ud83d\udd25 <strong data-start=\"1748\" data-end=\"1783\">J\u016bs\u0173 palaikymas \u2013 m\u016bs\u0173 vis\u0173 pergal\u0117s!<\/strong> \ud83d\udd25<\/p>","protected":false},"excerpt":{"rendered":"<h3 data-start=\"0\" data-end=\"70\"><strong data-start=\"4\" data-end=\"68\">\ud83d\udce2\u00a0<\/strong><\/h3>\n<p data-start=\"72\" data-end=\"307\">Kiekvienas i\u0161 m\u016bs\u0173 gali prisid\u0117ti prie <strong data-start=\"111\" data-end=\"139\">LORD&#8217;S Racing Team augimo<\/strong> \u2013 net nei\u0161leisdami papildom\u0173 l\u0117\u0161\u0173! Dal\u012f savo <strong data-start=\"185\" data-end=\"249\">sumok\u0117to pajam\u0173 mokes\u010dio (GPM) galite paskirti m\u016bs\u0173 komandai<\/strong>, taip prisid\u0117dami prie <strong data-start=\"273\" data-end=\"304\">Lietuvos motosporto vystymo<\/strong>.<\/p>","protected":false},"featured_media":331,"comment_status":"open","ping_status":"closed","template":"","meta":[],"product_brand":[],"product_cat":[41],"product_tag":[],"class_list":{"0":"post-231","1":"product","2":"type-product","3":"status-publish","4":"has-post-thumbnail","6":"product_cat-parama","8":"first","9":"instock","10":"virtual","11":"sold-individually","12":"product-type-simple"},"_links":{"self":[{"href":"https:\/\/baggerracing.eu\/en\/wp-json\/wp\/v2\/product\/231","targetHints":{"allow":["GET"]}}],"collection":[{"href":"https:\/\/baggerracing.eu\/en\/wp-json\/wp\/v2\/product"}],"about":[{"href":"https:\/\/baggerracing.eu\/en\/wp-json\/wp\/v2\/types\/product"}],"replies":[{"embeddable":true,"href":"https:\/\/baggerracing.eu\/en\/wp-json\/wp\/v2\/comments?post=231"}],"wp:featuredmedia":[{"embeddable":true,"href":"https:\/\/baggerracing.eu\/en\/wp-json\/wp\/v2\/media\/331"}],"wp:attachment":[{"href":"https:\/\/baggerracing.eu\/en\/wp-json\/wp\/v2\/media?parent=231"}],"wp:term":[{"taxonomy":"product_brand","embeddable":true,"href":"https:\/\/baggerracing.eu\/en\/wp-json\/wp\/v2\/product_brand?post=231"},{"taxonomy":"product_cat","embeddable":true,"href":"https:\/\/baggerracing.eu\/en\/wp-json\/wp\/v2\/product_cat?post=231"},{"taxonomy":"product_tag","embeddable":true,"href":"https:\/\/baggerracing.eu\/en\/wp-json\/wp\/v2\/product_tag?post=231"}],"curies":[{"name":"wp","href":"https:\/\/api.w.org\/{rel}","templated":true}]}}