{"id":194,"date":"2025-03-16T16:15:32","date_gmt":"2025-03-16T16:15:32","guid":{"rendered":"https:\/?post_type=product&#038;p=194"},"modified":"2026-02-21T10:55:20","modified_gmt":"2026-02-21T07:55:20","slug":"remejas-individualus","status":"publish","type":"product","link":"https:\/\/baggerracing.eu\/en\/product\/remejas-individualus\/","title":{"rendered":"SUPPORTER \u2013 INDIVIDUAL"},"content":{"rendered":"<p><strong data-start=\"3664\" data-end=\"3691\">Individual\u016bs pasi\u016blymai<\/strong><br data-start=\"3691\" data-end=\"3694\" \/>\u2714\ufe0f <strong data-start=\"3697\" data-end=\"3762\">Specialiai J\u016bs\u0173 \u012fmonei pritaikytos bendradarbiavimo galimyb\u0117s<\/strong> pagal poreikius ir tikslus.<br data-start=\"3790\" data-end=\"3793\" \/>\u2714\ufe0f <strong data-start=\"3796\" data-end=\"3874\">Galimyb\u0117 remti atskirus lenktyni\u0173 etapus<\/strong><\/p>","protected":false},"excerpt":{"rendered":"<p>\ud83c\udfc6 Nes kartais svarbu ne suma, o pati id\u0117ja. Jei jau\u010diate, kad galite prisid\u0117ti prie m\u016bs\u0173 augimo \u2013 mes visada atviri individualiems sprendimams.<\/p>\n<p>\ud83d\udce9 <strong data-start=\"3988\" data-end=\"4017\">Contact: <a rel=\"noopener\" data-start=\"4001\" data-end=\"4015\">info@lordai.lt<\/a><\/strong> (d\u0117l r\u0117mimo galimybi\u0173)<\/p>","protected":false},"featured_media":332,"comment_status":"open","ping_status":"closed","template":"","meta":[],"product_brand":[],"product_cat":[41,20],"product_tag":[],"class_list":{"0":"post-194","1":"product","2":"type-product","3":"status-publish","4":"has-post-thumbnail","6":"product_cat-parama","7":"product_cat-vip","9":"first","10":"instock","11":"virtual","12":"sold-individually","13":"product-type-simple"},"_links":{"self":[{"href":"https:\/\/baggerracing.eu\/en\/wp-json\/wp\/v2\/product\/194","targetHints":{"allow":["GET"]}}],"collection":[{"href":"https:\/\/baggerracing.eu\/en\/wp-json\/wp\/v2\/product"}],"about":[{"href":"https:\/\/baggerracing.eu\/en\/wp-json\/wp\/v2\/types\/product"}],"replies":[{"embeddable":true,"href":"https:\/\/baggerracing.eu\/en\/wp-json\/wp\/v2\/comments?post=194"}],"wp:featuredmedia":[{"embeddable":true,"href":"https:\/\/baggerracing.eu\/en\/wp-json\/wp\/v2\/media\/332"}],"wp:attachment":[{"href":"https:\/\/baggerracing.eu\/en\/wp-json\/wp\/v2\/media?parent=194"}],"wp:term":[{"taxonomy":"product_brand","embeddable":true,"href":"https:\/\/baggerracing.eu\/en\/wp-json\/wp\/v2\/product_brand?post=194"},{"taxonomy":"product_cat","embeddable":true,"href":"https:\/\/baggerracing.eu\/en\/wp-json\/wp\/v2\/product_cat?post=194"},{"taxonomy":"product_tag","embeddable":true,"href":"https:\/\/baggerracing.eu\/en\/wp-json\/wp\/v2\/product_tag?post=194"}],"curies":[{"name":"wp","href":"https:\/\/api.w.org\/{rel}","templated":true}]}}