{"id":1801,"date":"2025-03-16T11:30:48","date_gmt":"2025-03-16T08:30:48","guid":{"rendered":"https:\/\/baggerracing.eu\/?post_type=product&#038;p=1801"},"modified":"2026-02-21T10:54:27","modified_gmt":"2026-02-21T07:54:27","slug":"noriu-prisideti","status":"publish","type":"product","link":"https:\/\/baggerracing.eu\/en\/product\/noriu-prisideti\/","title":{"rendered":"Noriu prisid\u0117ti"},"content":{"rendered":"<p>Kai remiate mus, j\u016bs remiate <strong data-start=\"2109\" data-end=\"2138\">you support LITHUANIAN motorcycle sport<\/strong>. Mes kuriame \u0161i\u0105 nauj\u0105 disciplin\u0105 drauge.<\/p>","protected":false},"excerpt":{"rendered":"<p>\ud83c\uddf1\ud83c\uddf9 <strong data-start=\"1249\" data-end=\"1313\">Nes lenktyn\u0117se mes atstovaujame ne tik save, bet ir Tave!\u00a0<\/strong><\/p>\n<p>\ud83d\udccc prieiga prie viso turinio<\/p>","protected":false},"featured_media":332,"comment_status":"open","ping_status":"closed","template":"","meta":[],"product_brand":[],"product_cat":[41,20],"product_tag":[],"class_list":{"0":"post-1801","1":"product","2":"type-product","3":"status-publish","4":"has-post-thumbnail","6":"product_cat-parama","7":"product_cat-vip","9":"first","10":"instock","11":"virtual","12":"sold-individually","13":"purchasable","14":"product-type-simple"},"_links":{"self":[{"href":"https:\/\/baggerracing.eu\/en\/wp-json\/wp\/v2\/product\/1801","targetHints":{"allow":["GET"]}}],"collection":[{"href":"https:\/\/baggerracing.eu\/en\/wp-json\/wp\/v2\/product"}],"about":[{"href":"https:\/\/baggerracing.eu\/en\/wp-json\/wp\/v2\/types\/product"}],"replies":[{"embeddable":true,"href":"https:\/\/baggerracing.eu\/en\/wp-json\/wp\/v2\/comments?post=1801"}],"wp:featuredmedia":[{"embeddable":true,"href":"https:\/\/baggerracing.eu\/en\/wp-json\/wp\/v2\/media\/332"}],"wp:attachment":[{"href":"https:\/\/baggerracing.eu\/en\/wp-json\/wp\/v2\/media?parent=1801"}],"wp:term":[{"taxonomy":"product_brand","embeddable":true,"href":"https:\/\/baggerracing.eu\/en\/wp-json\/wp\/v2\/product_brand?post=1801"},{"taxonomy":"product_cat","embeddable":true,"href":"https:\/\/baggerracing.eu\/en\/wp-json\/wp\/v2\/product_cat?post=1801"},{"taxonomy":"product_tag","embeddable":true,"href":"https:\/\/baggerracing.eu\/en\/wp-json\/wp\/v2\/product_tag?post=1801"}],"curies":[{"name":"wp","href":"https:\/\/api.w.org\/{rel}","templated":true}]}}