{"id":157,"date":"2025-03-16T10:02:47","date_gmt":"2025-03-16T10:02:47","guid":{"rendered":"https:\/?post_type=product&#038;p=157"},"modified":"2026-02-21T10:16:28","modified_gmt":"2026-02-21T07:16:28","slug":"baikeris-baikeriui","status":"publish","type":"product","link":"https:\/\/baggerracing.eu\/en\/product\/baikeris-baikeriui\/","title":{"rendered":"Baikeris-Baikeriui"},"content":{"rendered":"<p><strong data-start=\"686\" data-end=\"722\">Tai daugiau nei pinigai \u2013 tai bendruomen\u0117s palaikymas. Kai vienas baikeris palaiko kit\u0105, mes visi stipr\u0117jame.\u00a0<\/strong><\/p>","protected":false},"excerpt":{"rendered":"<p>\ud83e\udd1c\ud83e\udd1b <strong data-start=\"686\" data-end=\"722\">Vienas u\u017e visus \u2013 visi u\u017e vien\u0105! <\/strong><\/p>\n<p>&nbsp;<\/p>","protected":false},"featured_media":331,"comment_status":"open","ping_status":"closed","template":"","meta":[],"product_brand":[],"product_cat":[41],"product_tag":[],"class_list":{"0":"post-157","1":"product","2":"type-product","3":"status-publish","4":"has-post-thumbnail","6":"product_cat-parama","8":"first","9":"instock","10":"virtual","11":"sold-individually","12":"purchasable","13":"product-type-simple"},"_links":{"self":[{"href":"https:\/\/baggerracing.eu\/en\/wp-json\/wp\/v2\/product\/157","targetHints":{"allow":["GET"]}}],"collection":[{"href":"https:\/\/baggerracing.eu\/en\/wp-json\/wp\/v2\/product"}],"about":[{"href":"https:\/\/baggerracing.eu\/en\/wp-json\/wp\/v2\/types\/product"}],"replies":[{"embeddable":true,"href":"https:\/\/baggerracing.eu\/en\/wp-json\/wp\/v2\/comments?post=157"}],"wp:featuredmedia":[{"embeddable":true,"href":"https:\/\/baggerracing.eu\/en\/wp-json\/wp\/v2\/media\/331"}],"wp:attachment":[{"href":"https:\/\/baggerracing.eu\/en\/wp-json\/wp\/v2\/media?parent=157"}],"wp:term":[{"taxonomy":"product_brand","embeddable":true,"href":"https:\/\/baggerracing.eu\/en\/wp-json\/wp\/v2\/product_brand?post=157"},{"taxonomy":"product_cat","embeddable":true,"href":"https:\/\/baggerracing.eu\/en\/wp-json\/wp\/v2\/product_cat?post=157"},{"taxonomy":"product_tag","embeddable":true,"href":"https:\/\/baggerracing.eu\/en\/wp-json\/wp\/v2\/product_tag?post=157"}],"curies":[{"name":"wp","href":"https:\/\/api.w.org\/{rel}","templated":true}]}}