{"id":86,"date":"2025-03-15T11:20:04","date_gmt":"2025-03-15T11:20:04","guid":{"rendered":"https:\/krepselis\/"},"modified":"2026-02-20T15:15:43","modified_gmt":"2026-02-20T12:15:43","slug":"krepselis","status":"publish","type":"page","link":"https:\/\/baggerracing.eu\/en\/krepselis\/","title":{"rendered":"My Sponsorship"},"content":{"rendered":"<form action=\"https:\/\/www.paypal.com\/donate\" method=\"post\" target=\"_top\">\n<input type=\"hidden\" name=\"hosted_button_id\" value=\"2M5UCS8GG82VW\" \/><br \/>\n<input type=\"image\" src=\"https:\/\/www.paypalobjects.com\/en_US\/i\/btn\/btn_donate_LG.gif\" border=\"0\" name=\"submit\" title=\"PayPal - The safer, easier way to pay online!\" alt=\"Donate with PayPal button\" \/><br \/>\n<img decoding=\"async\" alt=\"\" border=\"0\" src=\"https:\/\/www.paypal.com\/en_LT\/i\/scr\/pixel.gif\" width=\"1\" height=\"1\" \/><br \/>\n<\/form>\n<p>For your convenience, PayPal platform is available. Thank you for not passing by without support. \ud83d\udc9b\ud83d\udda4<\/p>\n\n\n<p>\ud83c\udfc1&nbsp;<em>J\u016bs remiate LORD\u2019S RACING TEAM komand\u0105 \u2013 J\u016bs\u0173 pasirinkta suma bus skirta m\u016bs\u0173 sportiniams tikslams ir dalyvavimui Bagger Racing European CUP. &nbsp;A\u010di\u016b u\u017e palaikym\u0105!<\/em><\/p>\n\n\n\n<div data-block-name=\"woocommerce\/cart\" class=\"wp-block-woocommerce-cart alignwide is-loading\">\n\t\t\t<div data-block-name=\"woocommerce\/filled-cart-block\" class=\"wp-block-woocommerce-filled-cart-block\">\n\t\t\t\t<div data-block-name=\"woocommerce\/cart-items-block\" class=\"wp-block-woocommerce-cart-items-block\">\n\t\t\t\t\t<div data-block-name=\"woocommerce\/cart-line-items-block\" class=\"wp-block-woocommerce-cart-line-items-block\"><\/div>\n\t\t\t\t<\/div>\n\t\t\t\t<div data-block-name=\"woocommerce\/cart-totals-block\" class=\"wp-block-woocommerce-cart-totals-block\">\n\t\t\t\t\t<div data-block-name=\"woocommerce\/cart-order-summary-block\" class=\"wp-block-woocommerce-cart-order-summary-block\">\n\t\t\t<div data-block-name=\"woocommerce\/cart-order-summary-heading-block\" class=\"wp-block-woocommerce-cart-order-summary-heading-block\"><\/div>\n\t\t\t<div data-block-name=\"woocommerce\/cart-order-summary-subtotal-block\" class=\"wp-block-woocommerce-cart-order-summary-subtotal-block\"><\/div>\n\t\t\t<div data-block-name=\"woocommerce\/cart-order-summary-fee-block\" class=\"wp-block-woocommerce-cart-order-summary-fee-block\"><\/div>\n\t\t\t<div data-block-name=\"woocommerce\/cart-order-summary-discount-block\" class=\"wp-block-woocommerce-cart-order-summary-discount-block\"><\/div>\n\t\t\t<div data-block-name=\"woocommerce\/cart-order-summary-coupon-form-block\" class=\"wp-block-woocommerce-cart-order-summary-coupon-form-block\"><\/div>\n\t\t\t<div data-block-name=\"woocommerce\/cart-order-summary-shipping-form-block\" class=\"wp-block-woocommerce-cart-order-summary-shipping-block\"><\/div>\n\t\t\t<div data-block-name=\"woocommerce\/cart-order-summary-taxes-block\" class=\"wp-block-woocommerce-cart-order-summary-taxes-block\"><\/div>\n\t\t<\/div>\n\t\t\t\t\t<div data-block-name=\"woocommerce\/cart-express-payment-block\" class=\"wp-block-woocommerce-cart-express-payment-block\"><\/div>\n\t\t\t\t\t<div data-block-name=\"woocommerce\/proceed-to-checkout-block\" class=\"wp-block-woocommerce-proceed-to-checkout-block\"><\/div>\n\t\t\t\t\t<div data-block-name=\"woocommerce\/cart-accepted-payment-methods-block\" class=\"wp-block-woocommerce-cart-accepted-payment-methods-block\"><\/div>\n\t\t\t\t<\/div>\n\t\t\t<\/div>\n\t\t\t<div data-block-name=\"woocommerce\/empty-cart-block\" class=\"wp-block-woocommerce-empty-cart-block\">\n\t\t\t\n\n\n\n\n\n\n\n\n<h2 data-block-name=\"woocommerce\/filled-cart-block\" class=\"wp-block-heading\">Your cart is currently empty.<\/h2>\n\n\n<hr \/>\n\n\n<h2 class=\"wp-block-heading\">CHOOSE<\/h2>\n\n<div data-block-name=\"woocommerce\/product-new\" data-columns=\"4\" data-rows=\"1\" class=\"wc-block-grid wp-block-product-new wp-block-woocommerce-product-new wc-block-product-new has-4-columns\"><ul class=\"wc-block-grid__products\"><li class=\"wc-block-grid__product\">\n\t\t\t\t<a href=\"https:\/\/baggerracing.eu\/en\/product\/skirkite-dali-sumoketo-pajamu-mokescio-lords-racing-team\/\" class=\"wc-block-grid__product-link\">\n\t\t\t\t\t\n\t\t\t\t\t<div class=\"wc-block-grid__product-image\"><img fetchpriority=\"high\" decoding=\"async\" width=\"324\" height=\"324\" src=\"https:\/\/baggerracing.eu\/wp-content\/uploads\/2025\/03\/LRT_logo_2-e1742296264815-324x324.png\" class=\"attachment-woocommerce_thumbnail size-woocommerce_thumbnail\" alt=\"Lord\u2019s Racing Team logotipas \u2013 Bagger Racing League Europe, Harley-Davidson Performance Bagger, lenktyni\u0173 komanda\" srcset=\"https:\/\/baggerracing.eu\/wp-content\/uploads\/2025\/03\/LRT_logo_2-e1742296264815-324x324.png 324w, https:\/\/baggerracing.eu\/wp-content\/uploads\/2025\/03\/LRT_logo_2-e1742296264815-300x300.png 300w, https:\/\/baggerracing.eu\/wp-content\/uploads\/2025\/03\/LRT_logo_2-e1742296264815-150x150.png 150w, https:\/\/baggerracing.eu\/wp-content\/uploads\/2025\/03\/LRT_logo_2-e1742296264815-768x768.png 768w, https:\/\/baggerracing.eu\/wp-content\/uploads\/2025\/03\/LRT_logo_2-e1742296264815-416x416.png 416w, https:\/\/baggerracing.eu\/wp-content\/uploads\/2025\/03\/LRT_logo_2-e1742296264815-100x100.png 100w, https:\/\/baggerracing.eu\/wp-content\/uploads\/2025\/03\/LRT_logo_2-e1742296264815.png 787w\" sizes=\"(max-width: 324px) 100vw, 324px\" \/><\/div>\n\t\t\t\t\t<div class=\"wc-block-grid__product-title\">Skirkite dal\u012f sumok\u0117to pajam\u0173 mokes\u010dio LORD&#8217;S RACING TEAM!<\/div>\n\t\t\t\t<\/a>\n\t\t\t\t<div class=\"wc-block-grid__product-price price\"><\/div>\n\t\t\t\t\n\t\t\t\t<div class=\"wp-block-button wc-block-grid__product-add-to-cart\"><a href=\"https:\/\/baggerracing.eu\/en\/product\/skirkite-dali-sumoketo-pajamu-mokescio-lords-racing-team\/\" aria-label=\"Read more about \u201cSkirkite dal\u012f sumok\u0117to pajam\u0173 mokes\u010dio LORD&#039;S RACING TEAM!\u201d\" data-quantity=\"1\" data-product_id=\"231\" data-product_sku=\"\" data-price=\"0\" rel=\"nofollow\" class=\"wp-block-button__link  add_to_cart_button\" data-no-translation=\"\" data-trp-gettext=\"\" data-no-translation-aria-label=\"\">Read more<\/a><\/div>\n\t\t\t<\/li><li class=\"wc-block-grid__product\">\n\t\t\t\t<a href=\"https:\/\/baggerracing.eu\/en\/product\/remejas-individualus\/\" class=\"wc-block-grid__product-link\">\n\t\t\t\t\t\n\t\t\t\t\t<div class=\"wc-block-grid__product-image\"><img decoding=\"async\" width=\"324\" height=\"324\" src=\"https:\/\/baggerracing.eu\/wp-content\/uploads\/2025\/03\/LRT_logo_3-e1742295261737-324x324.png\" class=\"attachment-woocommerce_thumbnail size-woocommerce_thumbnail\" alt=\"Lord\u2019s Racing Team logotipas \u2013 Bagger Racing League Europe, Harley-Davidson Performance Bagger, lenktyni\u0173 komanda\" srcset=\"https:\/\/baggerracing.eu\/wp-content\/uploads\/2025\/03\/LRT_logo_3-e1742295261737-324x324.png 324w, https:\/\/baggerracing.eu\/wp-content\/uploads\/2025\/03\/LRT_logo_3-e1742295261737-300x300.png 300w, https:\/\/baggerracing.eu\/wp-content\/uploads\/2025\/03\/LRT_logo_3-e1742295261737-1024x1024.png 1024w, https:\/\/baggerracing.eu\/wp-content\/uploads\/2025\/03\/LRT_logo_3-e1742295261737-150x150.png 150w, https:\/\/baggerracing.eu\/wp-content\/uploads\/2025\/03\/LRT_logo_3-e1742295261737-768x768.png 768w, https:\/\/baggerracing.eu\/wp-content\/uploads\/2025\/03\/LRT_logo_3-e1742295261737-416x416.png 416w, https:\/\/baggerracing.eu\/wp-content\/uploads\/2025\/03\/LRT_logo_3-e1742295261737-100x100.png 100w, https:\/\/baggerracing.eu\/wp-content\/uploads\/2025\/03\/LRT_logo_3-e1742295261737.png 1350w\" sizes=\"(max-width: 324px) 100vw, 324px\" \/><\/div>\n\t\t\t\t\t<div class=\"wc-block-grid__product-title\">SUPPORTER \u2013 INDIVIDUAL<\/div>\n\t\t\t\t<\/a>\n\t\t\t\t<div class=\"wc-block-grid__product-price price\"><\/div>\n\t\t\t\t\n\t\t\t\t<div class=\"wp-block-button wc-block-grid__product-add-to-cart\"><a href=\"https:\/\/baggerracing.eu\/en\/product\/remejas-individualus\/\" aria-label=\"Read more about \u201cR\u0117m\u0117jas \u2013 INDIVIDUALUS\u201d\" data-quantity=\"1\" data-product_id=\"194\" data-product_sku=\"\" data-price=\"0\" rel=\"nofollow\" class=\"wp-block-button__link  add_to_cart_button\" data-no-translation=\"\" data-trp-gettext=\"\" data-no-translation-aria-label=\"\">Read more<\/a><\/div>\n\t\t\t<\/li><li class=\"wc-block-grid__product\">\n\t\t\t\t<a href=\"https:\/\/baggerracing.eu\/en\/product\/pagrindinis-remejas\/\" class=\"wc-block-grid__product-link\">\n\t\t\t\t\t\n\t\t\t\t\t<div class=\"wc-block-grid__product-image\"><img decoding=\"async\" width=\"324\" height=\"324\" src=\"https:\/\/baggerracing.eu\/wp-content\/uploads\/2025\/03\/LRT_logo_3-e1742295261737-324x324.png\" class=\"attachment-woocommerce_thumbnail size-woocommerce_thumbnail\" alt=\"Lord\u2019s Racing Team logotipas \u2013 Bagger Racing League Europe, Harley-Davidson Performance Bagger, lenktyni\u0173 komanda\" srcset=\"https:\/\/baggerracing.eu\/wp-content\/uploads\/2025\/03\/LRT_logo_3-e1742295261737-324x324.png 324w, https:\/\/baggerracing.eu\/wp-content\/uploads\/2025\/03\/LRT_logo_3-e1742295261737-300x300.png 300w, https:\/\/baggerracing.eu\/wp-content\/uploads\/2025\/03\/LRT_logo_3-e1742295261737-1024x1024.png 1024w, https:\/\/baggerracing.eu\/wp-content\/uploads\/2025\/03\/LRT_logo_3-e1742295261737-150x150.png 150w, https:\/\/baggerracing.eu\/wp-content\/uploads\/2025\/03\/LRT_logo_3-e1742295261737-768x768.png 768w, https:\/\/baggerracing.eu\/wp-content\/uploads\/2025\/03\/LRT_logo_3-e1742295261737-416x416.png 416w, https:\/\/baggerracing.eu\/wp-content\/uploads\/2025\/03\/LRT_logo_3-e1742295261737-100x100.png 100w, https:\/\/baggerracing.eu\/wp-content\/uploads\/2025\/03\/LRT_logo_3-e1742295261737.png 1350w\" sizes=\"(max-width: 324px) 100vw, 324px\" \/><\/div>\n\t\t\t\t\t<div class=\"wc-block-grid__product-title\">Pagrindinis r\u0117m\u0117jas \u2013 SOLIDI suma<\/div>\n\t\t\t\t<\/a>\n\t\t\t\t<div class=\"wc-block-grid__product-price price\"><\/div>\n\t\t\t\t\n\t\t\t\t<div class=\"wp-block-button wc-block-grid__product-add-to-cart\"><a href=\"https:\/\/baggerracing.eu\/en\/product\/pagrindinis-remejas\/\" aria-label=\"Read more about \u201cPagrindinis r\u0117m\u0117jas \u2013 SOLIDI suma\u201d\" data-quantity=\"1\" data-product_id=\"193\" data-product_sku=\"\" data-price=\"0\" rel=\"nofollow\" class=\"wp-block-button__link  add_to_cart_button\" data-no-translation=\"\" data-trp-gettext=\"\" data-no-translation-aria-label=\"\">Read more<\/a><\/div>\n\t\t\t<\/li><li class=\"wc-block-grid__product\">\n\t\t\t\t<a href=\"https:\/\/baggerracing.eu\/en\/product\/elitinis-remejas-2\/\" class=\"wc-block-grid__product-link\">\n\t\t\t\t\t\n\t\t\t\t\t<div class=\"wc-block-grid__product-image\"><img decoding=\"async\" width=\"324\" height=\"324\" src=\"https:\/\/baggerracing.eu\/wp-content\/uploads\/2025\/03\/LRT_logo_3-e1742295261737-324x324.png\" class=\"attachment-woocommerce_thumbnail size-woocommerce_thumbnail\" alt=\"Lord\u2019s Racing Team logotipas \u2013 Bagger Racing League Europe, Harley-Davidson Performance Bagger, lenktyni\u0173 komanda\" srcset=\"https:\/\/baggerracing.eu\/wp-content\/uploads\/2025\/03\/LRT_logo_3-e1742295261737-324x324.png 324w, https:\/\/baggerracing.eu\/wp-content\/uploads\/2025\/03\/LRT_logo_3-e1742295261737-300x300.png 300w, https:\/\/baggerracing.eu\/wp-content\/uploads\/2025\/03\/LRT_logo_3-e1742295261737-1024x1024.png 1024w, https:\/\/baggerracing.eu\/wp-content\/uploads\/2025\/03\/LRT_logo_3-e1742295261737-150x150.png 150w, https:\/\/baggerracing.eu\/wp-content\/uploads\/2025\/03\/LRT_logo_3-e1742295261737-768x768.png 768w, https:\/\/baggerracing.eu\/wp-content\/uploads\/2025\/03\/LRT_logo_3-e1742295261737-416x416.png 416w, https:\/\/baggerracing.eu\/wp-content\/uploads\/2025\/03\/LRT_logo_3-e1742295261737-100x100.png 100w, https:\/\/baggerracing.eu\/wp-content\/uploads\/2025\/03\/LRT_logo_3-e1742295261737.png 1350w\" sizes=\"(max-width: 324px) 100vw, 324px\" \/><\/div>\n\t\t\t\t\t<div class=\"wc-block-grid__product-title\">Elitinis r\u0117m\u0117jas<\/div>\n\t\t\t\t<\/a>\n\t\t\t\t<div class=\"wc-block-grid__product-price price\"><span class=\"woocommerce-Price-amount amount\">5000,00&nbsp;<span class=\"woocommerce-Price-currencySymbol\">&euro;<\/span><\/span><\/div>\n\t\t\t\t\n\t\t\t\t<div class=\"wp-block-button wc-block-grid__product-add-to-cart\"><a href=\"\/en\/wp-json\/wp\/v2\/pages\/86?add-to-cart=1803\" aria-label=\"Add to basket: \u201cElitinis r\u0117m\u0117jas\u201d\" data-quantity=\"1\" data-product_id=\"1803\" data-product_sku=\"\" data-price=\"5000\" rel=\"nofollow\" class=\"wp-block-button__link  add_to_cart_button ajax_add_to_cart\" data-no-translation=\"\" data-trp-gettext=\"\" data-no-translation-aria-label=\"\">Add to basket<\/a><\/div>\n\t\t\t<\/li><\/ul><\/div>\n\n<\/div>\n<\/div>","protected":false},"excerpt":{"rendered":"<p>J\u016bs\u0173 patogumui PAYPAL platforma. D\u0117kojame, kad nepra\u0117jote pro \u0161al\u012f. \ud83d\udc9b\ud83d\udda4 \ud83c\udfc1&nbsp;J\u016bs remiate LORD\u2019S RACING TEAM komand\u0105 \u2013 J\u016bs\u0173 pasirinkta suma bus skirta m\u016bs\u0173 sportiniams tikslams ir dalyvavimui Bagger Racing European CUP. &nbsp;A\u010di\u016b u\u017e palaikym\u0105!<\/p>","protected":false},"author":1,"featured_media":0,"parent":0,"menu_order":3,"comment_status":"closed","ping_status":"closed","template":"","meta":{"footnotes":""},"class_list":["post-86","page","type-page","status-publish","hentry"],"_links":{"self":[{"href":"https:\/\/baggerracing.eu\/en\/wp-json\/wp\/v2\/pages\/86","targetHints":{"allow":["GET"]}}],"collection":[{"href":"https:\/\/baggerracing.eu\/en\/wp-json\/wp\/v2\/pages"}],"about":[{"href":"https:\/\/baggerracing.eu\/en\/wp-json\/wp\/v2\/types\/page"}],"author":[{"embeddable":true,"href":"https:\/\/baggerracing.eu\/en\/wp-json\/wp\/v2\/users\/1"}],"replies":[{"embeddable":true,"href":"https:\/\/baggerracing.eu\/en\/wp-json\/wp\/v2\/comments?post=86"}],"version-history":[{"count":20,"href":"https:\/\/baggerracing.eu\/en\/wp-json\/wp\/v2\/pages\/86\/revisions"}],"predecessor-version":[{"id":2009,"href":"https:\/\/baggerracing.eu\/en\/wp-json\/wp\/v2\/pages\/86\/revisions\/2009"}],"wp:attachment":[{"href":"https:\/\/baggerracing.eu\/en\/wp-json\/wp\/v2\/media?parent=86"}],"curies":[{"name":"wp","href":"https:\/\/api.w.org\/{rel}","templated":true}]}}