{"id":1950,"date":"2026-02-17T12:29:01","date_gmt":"2026-02-17T09:29:01","guid":{"rendered":"https:\/\/baggerracing.eu\/?page_id=1950"},"modified":"2026-02-17T12:43:18","modified_gmt":"2026-02-17T09:43:18","slug":"partneriai","status":"publish","type":"page","link":"https:\/\/baggerracing.eu\/en\/partneriai\/","title":{"rendered":"Partnership with LORD\u2019S Racing Team"},"content":{"rendered":"<div data-elementor-type=\"wp-page\" data-elementor-id=\"1950\" class=\"elementor elementor-1950\">\n\t\t\t\t<div class=\"elementor-element elementor-element-24a8c30 e-flex e-con-boxed e-con e-parent\" data-id=\"24a8c30\" data-element_type=\"container\" data-e-type=\"container\">\n\t\t\t\t\t<div class=\"e-con-inner\">\n\t\t\t\t<div class=\"elementor-element elementor-element-ba77d30 elementor-widget__width-initial elementor-widget elementor-widget-text-editor\" data-id=\"ba77d30\" data-element_type=\"widget\" data-e-type=\"widget\" data-widget_type=\"text-editor.default\">\n\t\t\t\t\t\t\t\t\t<h2 data-start=\"324\" data-end=\"395\">Structured promotional and technical partnership\nwithin the<br data-start=\"370\" data-end=\"373\" \/>BRL Europe Championship<\/h2>\t\t\t\t\t\t\t\t<\/div>\n\t\t\t\t\t<\/div>\n\t\t\t\t<\/div>\n\t\t<div class=\"elementor-element elementor-element-ca14eea e-flex e-con-boxed e-con e-parent\" data-id=\"ca14eea\" data-element_type=\"container\" data-e-type=\"container\">\n\t\t\t\t\t<div class=\"e-con-inner\">\n\t\t\t\t<div class=\"elementor-element elementor-element-a0b311a elementor-widget elementor-widget-button\" data-id=\"a0b311a\" data-element_type=\"widget\" data-e-type=\"widget\" data-widget_type=\"button.default\">\n\t\t\t\t\t\t\t\t\t\t<a class=\"elementor-button elementor-button-link elementor-size-sm\" href=\"https:\/\/lordsperformance.com\/en\/partners\/\">\n\t\t\t\t\t\t<span class=\"elementor-button-content-wrapper\">\n\t\t\t\t\t\t\t\t\t<span class=\"elementor-button-text\">Submit a partnership request<\/span>\n\t\t\t\t\t<\/span>\n\t\t\t\t\t<\/a>\n\t\t\t\t\t\t\t\t<\/div>\n\t\t\t\t\t<\/div>\n\t\t\t\t<\/div>\n\t\t<div class=\"elementor-element elementor-element-bed7ab9 e-flex e-con-boxed e-con e-parent\" data-id=\"bed7ab9\" data-element_type=\"container\" data-e-type=\"container\">\n\t\t\t\t\t<div class=\"e-con-inner\">\n\t\t<div class=\"elementor-element elementor-element-9401f67 e-con-full e-flex e-con e-child\" data-id=\"9401f67\" data-element_type=\"container\" data-e-type=\"container\">\n\t\t\t\t<div class=\"elementor-element elementor-element-4490cab elementor-widget elementor-widget-text-editor\" data-id=\"4490cab\" data-element_type=\"widget\" data-e-type=\"widget\" data-widget_type=\"text-editor.default\">\n\t\t\t\t\t\t\t\t\t<h2>Platform<\/h2><p data-start=\"1290\" data-end=\"1444\">LORD\u2019S Racing Team competes in the Bagger Racing League Europe (BRL EU) championship with Harley-Davidson performance bagger motorcycles BEE 8 and BEE 88.<\/p><p data-start=\"1446\" data-end=\"1580\">The 2026 season consists of four rounds across different European countries, featuring a professional paddock structure and consistent season-long communication.<\/p><p data-start=\"1582\" data-end=\"1641\">Partnership means structured visibility throughout the entire season.<\/p>\t\t\t\t\t\t\t\t<\/div>\n\t\t\t\t<\/div>\n\t\t<div class=\"elementor-element elementor-element-4224d4d e-con-full e-flex e-con e-child\" data-id=\"4224d4d\" data-element_type=\"container\" data-e-type=\"container\">\n\t\t\t\t<div class=\"elementor-element elementor-element-d7b348f elementor-widget elementor-widget-image\" data-id=\"d7b348f\" data-element_type=\"widget\" data-e-type=\"widget\" data-widget_type=\"image.default\">\n\t\t\t\t\t\t\t\t\t\t\t\t\t\t\t<img fetchpriority=\"high\" decoding=\"async\" width=\"768\" height=\"512\" src=\"https:\/\/baggerracing.eu\/wp-content\/uploads\/2025\/10\/IMG_6671-768x512.jpg\" class=\"attachment-medium_large size-medium_large wp-image-1598\" alt=\"bagger-racing-league-lords-racing-team-grobnik-racing\" srcset=\"https:\/\/baggerracing.eu\/wp-content\/uploads\/2025\/10\/IMG_6671-768x512.jpg 768w, https:\/\/baggerracing.eu\/wp-content\/uploads\/2025\/10\/IMG_6671-300x200.jpg 300w, https:\/\/baggerracing.eu\/wp-content\/uploads\/2025\/10\/IMG_6671-1024x683.jpg 1024w, https:\/\/baggerracing.eu\/wp-content\/uploads\/2025\/10\/IMG_6671-18x12.jpg 18w, https:\/\/baggerracing.eu\/wp-content\/uploads\/2025\/10\/IMG_6671-416x277.jpg 416w, https:\/\/baggerracing.eu\/wp-content\/uploads\/2025\/10\/IMG_6671.jpg 1200w\" sizes=\"(max-width: 768px) 100vw, 768px\" \/>\t\t\t\t\t\t\t\t\t\t\t\t\t\t\t<\/div>\n\t\t\t\t<\/div>\n\t\t\t\t\t<\/div>\n\t\t\t\t<\/div>\n\t\t<div class=\"elementor-element elementor-element-3f5c3f6 e-flex e-con-boxed e-con e-parent\" data-id=\"3f5c3f6\" data-element_type=\"container\" data-e-type=\"container\">\n\t\t\t\t\t<div class=\"e-con-inner\">\n\t\t\t\t<div class=\"elementor-element elementor-element-814fa6a elementor-widget elementor-widget-heading\" data-id=\"814fa6a\" data-element_type=\"widget\" data-e-type=\"widget\" data-widget_type=\"heading.default\">\n\t\t\t\t\t<h2 class=\"elementor-heading-title elementor-size-default\">Partneryst\u0117s modeliai<\/h2>\t\t\t\t<\/div>\n\t\t\t\t\t<\/div>\n\t\t\t\t<\/div>\n\t\t<div class=\"elementor-element elementor-element-6fbfe7b e-grid e-con-boxed e-con e-parent\" data-id=\"6fbfe7b\" data-element_type=\"container\" data-e-type=\"container\">\n\t\t\t\t\t<div class=\"e-con-inner\">\n\t\t\t\t<div class=\"elementor-element elementor-element-f5c451d elementor-widget elementor-widget-text-editor\" data-id=\"f5c451d\" data-element_type=\"widget\" data-e-type=\"widget\" data-widget_type=\"text-editor.default\">\n\t\t\t\t\t\t\t\t\t<h3>CORE Partner \u2013 BEE 8<\/h3><p>An exclusive season-level partnership with the team\u2019s primary motorcycle. Dominant brand visibility and priority in all communications.<\/p>\t\t\t\t\t\t\t\t<\/div>\n\t\t\t\t<div class=\"elementor-element elementor-element-7869d9c elementor-widget elementor-widget-text-editor\" data-id=\"7869d9c\" data-element_type=\"widget\" data-e-type=\"widget\" data-widget_type=\"text-editor.default\">\n\t\t\t\t\t\t\t\t\t<h3 data-start=\"2168\" data-end=\"2200\">Advertising Partner \u2013 BEE 88<\/h3><p data-start=\"2168\" data-end=\"2200\">Structured advertising zones (A1, A2, B) with clear hierarchy and a limited number of partners.<\/p>\t\t\t\t\t\t\t\t<\/div>\n\t\t\t\t<div class=\"elementor-element elementor-element-2483ff5 elementor-widget elementor-widget-text-editor\" data-id=\"2483ff5\" data-element_type=\"widget\" data-e-type=\"widget\" data-widget_type=\"text-editor.default\">\n\t\t\t\t\t\t\t\t\t<h3 data-start=\"2323\" data-end=\"2344\">Technical Partner<\/h3><p data-start=\"2323\" data-end=\"2344\">Reserved integration for manufacturers whose products are actively used on the race motorcycles.<\/p>\t\t\t\t\t\t\t\t<\/div>\n\t\t\t\t\t<\/div>\n\t\t\t\t<\/div>\n\t\t<div class=\"elementor-element elementor-element-2d2143f e-flex e-con-boxed e-con e-parent\" data-id=\"2d2143f\" data-element_type=\"container\" data-e-type=\"container\">\n\t\t\t\t\t<div class=\"e-con-inner\">\n\t\t\t\t<div class=\"elementor-element elementor-element-4b56ac1 elementor-widget elementor-widget-heading\" data-id=\"4b56ac1\" data-element_type=\"widget\" data-e-type=\"widget\" data-widget_type=\"heading.default\">\n\t\t\t\t\t<h2 class=\"elementor-heading-title elementor-size-default\">Structure Principles<\/h2>\t\t\t\t<\/div>\n\t\t\t\t\t<\/div>\n\t\t\t\t<\/div>\n\t\t<div class=\"elementor-element elementor-element-fcdcf84 e-flex e-con-boxed e-con e-parent\" data-id=\"fcdcf84\" data-element_type=\"container\" data-e-type=\"container\">\n\t\t\t\t\t<div class=\"e-con-inner\">\n\t\t<div class=\"elementor-element elementor-element-759e87b e-con-full e-flex e-con e-child\" data-id=\"759e87b\" data-element_type=\"container\" data-e-type=\"container\">\n\t\t\t\t<div class=\"elementor-element elementor-element-2b1f98d elementor-widget elementor-widget-text-editor\" data-id=\"2b1f98d\" data-element_type=\"widget\" data-e-type=\"widget\" data-widget_type=\"text-editor.default\">\n\t\t\t\t\t\t\t\t\t<p>Limited number of partners<\/p>\t\t\t\t\t\t\t\t<\/div>\n\t\t\t\t<\/div>\n\t\t<div class=\"elementor-element elementor-element-2dab834 e-con-full e-flex e-con e-child\" data-id=\"2dab834\" data-element_type=\"container\" data-e-type=\"container\">\n\t\t\t\t<div class=\"elementor-element elementor-element-28af85c elementor-widget elementor-widget-text-editor\" data-id=\"28af85c\" data-element_type=\"widget\" data-e-type=\"widget\" data-widget_type=\"text-editor.default\">\n\t\t\t\t\t\t\t\t\t<p>Clear visual hierarchy<\/p>\t\t\t\t\t\t\t\t<\/div>\n\t\t\t\t<\/div>\n\t\t<div class=\"elementor-element elementor-element-db8f8b0 e-con-full e-flex e-con e-child\" data-id=\"db8f8b0\" data-element_type=\"container\" data-e-type=\"container\">\n\t\t\t\t<div class=\"elementor-element elementor-element-bc9be9b elementor-widget elementor-widget-text-editor\" data-id=\"bc9be9b\" data-element_type=\"widget\" data-e-type=\"widget\" data-widget_type=\"text-editor.default\">\n\t\t\t\t\t\t\t\t\t<p>Advertising and technical partners do not compete<\/p>\t\t\t\t\t\t\t\t<\/div>\n\t\t\t\t<\/div>\n\t\t<div class=\"elementor-element elementor-element-4aa4837 e-con-full e-flex e-con e-child\" data-id=\"4aa4837\" data-element_type=\"container\" data-e-type=\"container\">\n\t\t\t\t<div class=\"elementor-element elementor-element-4b52ca3 elementor-widget elementor-widget-text-editor\" data-id=\"4b52ca3\" data-element_type=\"widget\" data-e-type=\"widget\" data-widget_type=\"text-editor.default\">\n\t\t\t\t\t\t\t\t\t<p>Season-long exposure across 4 race rounds<\/p>\t\t\t\t\t\t\t\t<\/div>\n\t\t\t\t<\/div>\n\t\t\t\t\t<\/div>\n\t\t\t\t<\/div>\n\t\t<div class=\"elementor-element elementor-element-f8ebfb8 e-flex e-con-boxed e-con e-parent\" data-id=\"f8ebfb8\" data-element_type=\"container\" data-e-type=\"container\">\n\t\t\t\t\t<div class=\"e-con-inner\">\n\t\t\t\t<div class=\"elementor-element elementor-element-06c87f3 elementor-widget elementor-widget-heading\" data-id=\"06c87f3\" data-element_type=\"widget\" data-e-type=\"widget\" data-widget_type=\"heading.default\">\n\t\t\t\t\t<h2 class=\"elementor-heading-title elementor-size-default\">Partnership Request<\/h2>\t\t\t\t<\/div>\n\t\t\t\t\t<\/div>\n\t\t\t\t<\/div>\n\t\t<div class=\"elementor-element elementor-element-2bb1588 e-flex e-con-boxed e-con e-parent\" data-id=\"2bb1588\" data-element_type=\"container\" data-e-type=\"container\">\n\t\t\t\t\t<div class=\"e-con-inner\">\n\t\t\t\t<div class=\"elementor-element elementor-element-83cd19b elementor-widget elementor-widget-text-editor\" data-id=\"83cd19b\" data-element_type=\"widget\" data-e-type=\"widget\" data-widget_type=\"text-editor.default\">\n\t\t\t\t\t\t\t\t\t<p>Partnership materials are shared only upon request in order to maintain a structured and selective collaboration process.<\/p>\t\t\t\t\t\t\t\t<\/div>\n\t\t\t\t\t<\/div>\n\t\t\t\t<\/div>\n\t\t<div class=\"elementor-element elementor-element-2f28747 e-flex e-con-boxed e-con e-parent\" data-id=\"2f28747\" data-element_type=\"container\" data-e-type=\"container\">\n\t\t\t\t\t<div class=\"e-con-inner\">\n\t\t\t\t<div class=\"elementor-element elementor-element-b630937 elementor-widget elementor-widget-button\" data-id=\"b630937\" data-element_type=\"widget\" data-e-type=\"widget\" data-widget_type=\"button.default\">\n\t\t\t\t\t\t\t\t\t\t<a class=\"elementor-button elementor-button-link elementor-size-sm\" href=\"https:\/\/lordsperformance.com\/en\/partners\/\">\n\t\t\t\t\t\t<span class=\"elementor-button-content-wrapper\">\n\t\t\t\t\t\t\t\t\t<span class=\"elementor-button-text\">Submit a partnership request<\/span>\n\t\t\t\t\t<\/span>\n\t\t\t\t\t<\/a>\n\t\t\t\t\t\t\t\t<\/div>\n\t\t\t\t\t<\/div>\n\t\t\t\t<\/div>\n\t\t\t\t<\/div>","protected":false},"excerpt":{"rendered":"<p>Strukt\u016bruota reklamin\u0117 ir technin\u0117 partneryst\u0117BRL Europe \u010dempionate. Pateikti partneryst\u0117s u\u017eklaus\u0105 Platforma LORD\u2019S Racing Team dalyvauja Bagger Racing League Europe (BRL EU) \u010dempionate su Harley-Davidson performance bagger motociklais BEE 8 ir BEE 88. 2026 met\u0173 sezon\u0105 sudaro keturi etapai skirtingose Europos \u0161alyse, su profesionalia paddock strukt\u016bra ir nuoseklia sezono komunikacija. Partneryst\u0117 rei\u0161kia strukt\u016bruot\u0105 matomum\u0105 viso sezono [&hellip;]<\/p>\n","protected":false},"author":1,"featured_media":0,"parent":0,"menu_order":0,"comment_status":"closed","ping_status":"closed","template":"","meta":{"footnotes":""},"class_list":["post-1950","page","type-page","status-publish","hentry"],"_links":{"self":[{"href":"https:\/\/baggerracing.eu\/en\/wp-json\/wp\/v2\/pages\/1950","targetHints":{"allow":["GET"]}}],"collection":[{"href":"https:\/\/baggerracing.eu\/en\/wp-json\/wp\/v2\/pages"}],"about":[{"href":"https:\/\/baggerracing.eu\/en\/wp-json\/wp\/v2\/types\/page"}],"author":[{"embeddable":true,"href":"https:\/\/baggerracing.eu\/en\/wp-json\/wp\/v2\/users\/1"}],"replies":[{"embeddable":true,"href":"https:\/\/baggerracing.eu\/en\/wp-json\/wp\/v2\/comments?post=1950"}],"version-history":[{"count":16,"href":"https:\/\/baggerracing.eu\/en\/wp-json\/wp\/v2\/pages\/1950\/revisions"}],"predecessor-version":[{"id":1966,"href":"https:\/\/baggerracing.eu\/en\/wp-json\/wp\/v2\/pages\/1950\/revisions\/1966"}],"wp:attachment":[{"href":"https:\/\/baggerracing.eu\/en\/wp-json\/wp\/v2\/media?parent=1950"}],"curies":[{"name":"wp","href":"https:\/\/api.w.org\/{rel}","templated":true}]}}